{"id":20,"date":"2022-01-05T17:57:47","date_gmt":"2022-01-05T17:57:47","guid":{"rendered":"https:\/\/in-tecsrl.it\/wp\/?page_id=20"},"modified":"2022-02-24T16:02:26","modified_gmt":"2022-02-24T16:02:26","slug":"home","status":"publish","type":"page","link":"https:\/\/in-tecsrl.it\/wp\/","title":{"rendered":"Home"},"content":{"rendered":"\n<p>In.Tec. s.r.l. nasce dagli anni ottanta e fin da subito \u00e8 sinonimo di INovazione TECnologica. Solo nei successivi anni, con precisione nei primi giorni di Aprile di un lontano 1986, avvia a pieno ritmo la propria attivit\u00e0 facendosi strada nel settore Ingegneristico e caratterizzandosi per competenze ed affidabilit\u00e0. Oggi In.Tec. s.r.l. \u00e8 sinonimo di capacit\u00e0, ingegno e professionalit\u00e0 e continua la sua inarrestabile corsa di incremento del proprio know-how.<\/p>\n\n\n\n<p>Il team di lavoro di In.Tec. s.r.l. \u00e8 composto da vari esperti per ogni settore o area di lavoro. A questi si aggiungono una serie di addetti, anch\u2019essi specializzati per attivit\u00e0, che completano lo staff. In generale l\u2019organigramma aziendale \u00e8 strutturato secondo una rigida organizzazione che permette di ottimizzare il processo lavorativo senza nulla togliere alla gestione del lavoro dal punto di vista dell\u2019inventiva ingegneristica, ovvero la capacit\u00e0 di risolvere un problema utilizzando anche soluzioni non standardizzate e comuni. Questo fa si che il team abbia una continua crescita professionale riuscendo cos\u00ec a risolvere problematiche complesse minimizzando i costi per il committente e massimizzandone i benefici.<\/p>\n\n\n\n<p>In.Tec. s.r.l. \u00e8 dunque un\u2019azienda dinamica in grado di affrontare ogni problematica ingegneristica, dando la possibilit\u00e0 al cliente anche di indirizzarlo nella migliore soluzione.<\/p>\n\n\n\n<p>In.Tec. s.r.l. vanta una certificazione per l\u2019organizzazione aziendale secondo la norma UNI EN ISO 9001:2015 e una certificazione in qualit\u00e0 di societ\u00e0 ESCO secondo la norma UNI CEI 11352:2014.<\/p>\n\n\n\n<p>Inoltre all\u2019interno del suo organico vanta la presenza di EGE certificato secondo UNI CEI 11339:2009 Ing. Simone Paganelli.<\/p>\n\n\n\n<div style=\"height:30px\" aria-hidden=\"true\" class=\"wp-block-spacer\"><\/div>\n\n\n\n<div class=\"wp-block-image\"><figure class=\"aligncenter size-medium\"><img loading=\"lazy\" width=\"300\" height=\"222\" src=\"https:\/\/in-tecsrl.it\/wp\/wp-content\/uploads\/2022\/02\/Logo-accredia-300x222.jpg\" alt=\"Logo accredia\" class=\"wp-image-48\" srcset=\"https:\/\/in-tecsrl.it\/wp\/wp-content\/uploads\/2022\/02\/Logo-accredia-300x222.jpg 300w, https:\/\/in-tecsrl.it\/wp\/wp-content\/uploads\/2022\/02\/Logo-accredia-1024x759.jpg 1024w, https:\/\/in-tecsrl.it\/wp\/wp-content\/uploads\/2022\/02\/Logo-accredia-768x569.jpg 768w, https:\/\/in-tecsrl.it\/wp\/wp-content\/uploads\/2022\/02\/Logo-accredia-1536x1138.jpg 1536w, https:\/\/in-tecsrl.it\/wp\/wp-content\/uploads\/2022\/02\/Logo-accredia-2048x1517.jpg 2048w\" sizes=\"(max-width: 300px) 100vw, 300px\" \/><\/figure><\/div>\n","protected":false},"excerpt":{"rendered":"<p>In.Tec. s.r.l. nasce dagli anni ottanta e fin da subito \u00e8 sinonimo di INovazione TECnologica. Solo nei successivi anni, con precisione nei primi giorni di Aprile di un lontano 1986, avvia a pieno ritmo la propria attivit\u00e0 facendosi strada nel settore Ingegneristico e caratterizzandosi per competenze ed affidabilit\u00e0. Oggi In.Tec. s.r.l. \u00e8 sinonimo di capacit\u00e0, [&hellip;]<\/p>\n","protected":false},"author":1,"featured_media":0,"parent":0,"menu_order":0,"comment_status":"closed","ping_status":"closed","template":"front-page.php","meta":[],"acf":[],"_links":{"self":[{"href":"https:\/\/in-tecsrl.it\/wp\/wp-json\/wp\/v2\/pages\/20"}],"collection":[{"href":"https:\/\/in-tecsrl.it\/wp\/wp-json\/wp\/v2\/pages"}],"about":[{"href":"https:\/\/in-tecsrl.it\/wp\/wp-json\/wp\/v2\/types\/page"}],"author":[{"embeddable":true,"href":"https:\/\/in-tecsrl.it\/wp\/wp-json\/wp\/v2\/users\/1"}],"replies":[{"embeddable":true,"href":"https:\/\/in-tecsrl.it\/wp\/wp-json\/wp\/v2\/comments?post=20"}],"version-history":[{"count":13,"href":"https:\/\/in-tecsrl.it\/wp\/wp-json\/wp\/v2\/pages\/20\/revisions"}],"predecessor-version":[{"id":96,"href":"https:\/\/in-tecsrl.it\/wp\/wp-json\/wp\/v2\/pages\/20\/revisions\/96"}],"wp:attachment":[{"href":"https:\/\/in-tecsrl.it\/wp\/wp-json\/wp\/v2\/media?parent=20"}],"curies":[{"name":"wp","href":"https:\/\/api.w.org\/{rel}","templated":true}]}}